{"id":27,"date":"2025-11-21T14:12:45","date_gmt":"2025-11-21T13:12:45","guid":{"rendered":"http:\/\/fixel.you2.pl\/?page_id=27"},"modified":"2025-11-29T10:55:37","modified_gmt":"2025-11-29T09:55:37","slug":"oferta","status":"publish","type":"page","link":"https:\/\/fixel.you2.pl\/index.php\/oferta\/","title":{"rendered":"Oferta"},"content":{"rendered":"\n<div class=\"wp-block-group alignfull has-accent-background-color has-background has-global-padding is-layout-constrained wp-container-core-group-is-layout-669513ed wp-block-group-is-layout-constrained\" style=\"margin-top:0;margin-bottom:0;padding-top:var(--wp--preset--spacing--50);padding-right:var(--wp--preset--spacing--50);padding-bottom:var(--wp--preset--spacing--50);padding-left:var(--wp--preset--spacing--50)\">\n<div class=\"wp-block-columns alignwide is-layout-flex wp-container-core-columns-is-layout-1da03c2a wp-block-columns-is-layout-flex\">\n<div class=\"wp-block-column is-vertically-aligned-center is-layout-flow wp-block-column-is-layout-flow\" style=\"flex-basis:50%\">\n<div class=\"wp-block-group has-global-padding is-layout-constrained wp-block-group-is-layout-constrained\">\n<div class=\"wp-block-group is-vertical is-content-justification-stretch is-layout-flex wp-container-core-group-is-layout-444d5ee8 wp-block-group-is-layout-flex\" style=\"min-height:100%\">\n<p class=\"has-heading-font-family has-xx-large-font-size\" style=\"line-height:1.2\">Fotografia Portretowa<\/p>\n\n\n\n<p class=\"has-large-font-size\"><strong>Twoja najlepsza wersja na zdj\u0119ciu<\/strong><\/p>\n\n\n\n<p class=\"has-medium-font-size\">Oferujemy sesje portretowe dopasowane do Twoich potrzeb \u2013 od klasycznych portret\u00f3w biznesowych po naturalne uj\u0119cia lifestyle. Dbamy o \u015bwiat\u0142o, atmosfer\u0119 i swobod\u0119, dzi\u0119ki czemu zdj\u0119cia wygl\u0105daj\u0105 profesjonalnie, ale jednocze\u015bnie naturalnie.<\/p>\n\n\n\n<p class=\"has-large-font-size\"><strong>W ramach us\u0142ugi:<\/strong><\/p>\n\n\n\n<ul class=\"wp-block-list\">\n<li class=\"has-medium-font-size\"> sesja w studio lub w plenerze<\/li>\n\n\n\n<li class=\"has-medium-font-size\">dob\u00f3r stylizacji i t\u0142a<\/li>\n\n\n\n<li class=\"has-medium-font-size\">retusz zgodny z celem zdj\u0119cia (biznesowy, artystyczny, CV)<\/li>\n\n\n\n<li class=\"has-medium-font-size\">gotowe zdj\u0119cia w wysokiej rozdzielczo\u015bci<\/li>\n<\/ul>\n<\/div>\n<\/div>\n<\/div>\n\n\n\n<div class=\"wp-block-column is-vertically-aligned-center is-layout-flow wp-block-column-is-layout-flow\" style=\"flex-basis:50%\">\n<figure class=\"wp-block-image size-large is-style-rounded is-style-rounded--1\"><img loading=\"lazy\" decoding=\"async\" width=\"683\" height=\"1024\" src=\"http:\/\/fixel.you2.pl\/wp-content\/uploads\/2025\/11\/IMG_3678-683x1024.jpeg\" alt=\"\" class=\"wp-image-87\" style=\"aspect-ratio:3\/4;object-fit:cover\" srcset=\"https:\/\/fixel.you2.pl\/wp-content\/uploads\/2025\/11\/IMG_3678-683x1024.jpeg 683w, https:\/\/fixel.you2.pl\/wp-content\/uploads\/2025\/11\/IMG_3678-200x300.jpeg 200w, https:\/\/fixel.you2.pl\/wp-content\/uploads\/2025\/11\/IMG_3678-768x1152.jpeg 768w, https:\/\/fixel.you2.pl\/wp-content\/uploads\/2025\/11\/IMG_3678-1024x1536.jpeg 1024w, https:\/\/fixel.you2.pl\/wp-content\/uploads\/2025\/11\/IMG_3678.jpeg 1168w\" sizes=\"auto, (max-width: 683px) 100vw, 683px\" \/><\/figure>\n<\/div>\n<\/div>\n<\/div>\n\n\n\n<div class=\"wp-block-columns alignwide is-layout-flex wp-container-core-columns-is-layout-1da03c2a wp-block-columns-is-layout-flex\">\n<div class=\"wp-block-column is-vertically-aligned-center is-layout-flow wp-block-column-is-layout-flow\" style=\"flex-basis:50%\">\n<div class=\"wp-block-group has-global-padding is-layout-constrained wp-block-group-is-layout-constrained\">\n<div class=\"wp-block-group has-global-padding is-layout-constrained wp-block-group-is-layout-constrained\">\n<div class=\"wp-block-group is-vertical is-content-justification-stretch is-layout-flex wp-container-core-group-is-layout-444d5ee8 wp-block-group-is-layout-flex\" style=\"min-height:100%\">\n<p class=\"has-heading-font-family has-xx-large-font-size\" style=\"line-height:1.2\">Fotografia Produktowa<\/p>\n\n\n\n<p class=\"has-large-font-size\"><strong>Zdj\u0119cia, kt\u00f3re sprzedaj\u0105<\/strong><\/p>\n\n\n\n<p class=\"has-medium-font-size\">Pomagamy markom wyr\u00f3\u017cni\u0107 swoje produkty profesjonaln\u0105 fotografi\u0105 katalogow\u0105, packshotow\u0105 i kreatywn\u0105. Zadbamy, aby Twoje produkty wygl\u0105da\u0142y atrakcyjnie i sp\u00f3jnie z identyfikacj\u0105 marki.<\/p>\n\n\n\n<p class=\"has-large-font-size\"><strong>Oferujemy:<\/strong><\/p>\n\n\n\n<ul class=\"wp-block-list\">\n<li>pe\u0142n\u0105 korekcj\u0119 koloru i retusz<\/li>\n\n\n\n<li>packshoty na bia\u0142ym tle<\/li>\n\n\n\n<li>zdj\u0119cia do e-commerce<\/li>\n\n\n\n<li>aran\u017cacje produktowe<\/li>\n\n\n\n<li>zdj\u0119cia 360\u00b0<\/li>\n<\/ul>\n<\/div>\n<\/div>\n<\/div>\n<\/div>\n\n\n\n<div class=\"wp-block-column is-vertically-aligned-center is-layout-flow wp-block-column-is-layout-flow\" style=\"flex-basis:50%\">\n<figure class=\"wp-block-image size-full is-style-rounded is-style-rounded--2\"><img loading=\"lazy\" decoding=\"async\" width=\"667\" height=\"1000\" src=\"http:\/\/fixel.you2.pl\/wp-content\/uploads\/2025\/11\/IMG_3679.jpeg\" alt=\"\" class=\"wp-image-89\" style=\"aspect-ratio:3\/4;object-fit:cover\" srcset=\"https:\/\/fixel.you2.pl\/wp-content\/uploads\/2025\/11\/IMG_3679.jpeg 667w, https:\/\/fixel.you2.pl\/wp-content\/uploads\/2025\/11\/IMG_3679-200x300.jpeg 200w\" sizes=\"auto, (max-width: 667px) 100vw, 667px\" \/><\/figure>\n<\/div>\n<\/div>\n\n\n\n<div class=\"wp-block-group alignfull has-accent-background-color has-background has-global-padding is-layout-constrained wp-container-core-group-is-layout-669513ed wp-block-group-is-layout-constrained\" style=\"margin-top:0;margin-bottom:0;padding-top:var(--wp--preset--spacing--50);padding-right:var(--wp--preset--spacing--50);padding-bottom:var(--wp--preset--spacing--50);padding-left:var(--wp--preset--spacing--50)\">\n<div class=\"wp-block-group alignwide has-global-padding is-layout-constrained wp-block-group-is-layout-constrained\">\n<div class=\"wp-block-columns alignwide is-layout-flex wp-container-core-columns-is-layout-1da03c2a wp-block-columns-is-layout-flex\">\n<div class=\"wp-block-column is-vertically-aligned-center is-layout-flow wp-block-column-is-layout-flow\" style=\"flex-basis:50%\">\n<div class=\"wp-block-group has-global-padding is-layout-constrained wp-block-group-is-layout-constrained\">\n<div class=\"wp-block-group has-global-padding is-layout-constrained wp-block-group-is-layout-constrained\">\n<div class=\"wp-block-group is-vertical is-content-justification-stretch is-layout-flex wp-container-core-group-is-layout-444d5ee8 wp-block-group-is-layout-flex\" style=\"min-height:100%\">\n<p class=\"has-heading-font-family has-xx-large-font-size\" style=\"line-height:1.2\">Fotografia Eventowa<\/p>\n\n\n\n<p class=\"has-large-font-size\"><strong>Najwa\u017cniejsze momenty uchwycone z wyczuciem<\/strong><\/p>\n\n\n\n<p class=\"has-medium-font-size\">Realizujemy reporta\u017ce z wydarze\u0144 firmowych, konferencji, gal, koncert\u00f3w i uroczysto\u015bci rodzinnych. Nasze zdj\u0119cia s\u0105 naturalne, dynamiczne i oddaj\u0105 prawdziwe emocje.<\/p>\n\n\n\n<p class=\"has-large-font-size\"><strong>W cenie:<\/strong><\/p>\n\n\n\n<ul class=\"wp-block-list\">\n<li>szybka obr\u00f3bka i selekcja zdj\u0119\u0107<\/li>\n\n\n\n<li>reporta\u017c \u201eod kulis\u201d<\/li>\n\n\n\n<li>zdj\u0119cia grupowe i indywidualne<\/li>\n\n\n\n<li>galeria online dla uczestnik\u00f3w<\/li>\n<\/ul>\n<\/div>\n<\/div>\n<\/div>\n<\/div>\n\n\n\n<div class=\"wp-block-column is-vertically-aligned-center is-layout-flow wp-block-column-is-layout-flow\" style=\"flex-basis:50%\">\n<figure class=\"wp-block-image size-large is-style-rounded is-style-rounded--3\"><img loading=\"lazy\" decoding=\"async\" width=\"683\" height=\"1024\" src=\"http:\/\/fixel.you2.pl\/wp-content\/uploads\/2025\/11\/IMG_3681-683x1024.jpeg\" alt=\"\" class=\"wp-image-90\" style=\"aspect-ratio:3\/4;object-fit:cover\" srcset=\"https:\/\/fixel.you2.pl\/wp-content\/uploads\/2025\/11\/IMG_3681-683x1024.jpeg 683w, https:\/\/fixel.you2.pl\/wp-content\/uploads\/2025\/11\/IMG_3681-200x300.jpeg 200w, https:\/\/fixel.you2.pl\/wp-content\/uploads\/2025\/11\/IMG_3681.jpeg 720w\" sizes=\"auto, (max-width: 683px) 100vw, 683px\" \/><\/figure>\n<\/div>\n<\/div>\n<\/div>\n<\/div>\n\n\n\n<div class=\"wp-block-columns alignwide is-layout-flex wp-container-core-columns-is-layout-1da03c2a wp-block-columns-is-layout-flex\">\n<div class=\"wp-block-column is-vertically-aligned-center is-layout-flow wp-block-column-is-layout-flow\" style=\"flex-basis:50%\">\n<div class=\"wp-block-group has-global-padding is-layout-constrained wp-block-group-is-layout-constrained\">\n<div class=\"wp-block-group has-global-padding is-layout-constrained wp-block-group-is-layout-constrained\">\n<div class=\"wp-block-group has-global-padding is-layout-constrained wp-block-group-is-layout-constrained\">\n<div class=\"wp-block-group is-vertical is-content-justification-stretch is-layout-flex wp-container-core-group-is-layout-444d5ee8 wp-block-group-is-layout-flex\" style=\"min-height:100%\">\n<p class=\"has-heading-font-family has-xx-large-font-size\" style=\"line-height:1.2\">Profesjonalna Edycja Zdj\u0119\u0107<\/p>\n\n\n\n<p class=\"has-heading-font-family has-large-font-size\" style=\"line-height:1.2\"><strong>Twoje zdj\u0119cia &#8211; w najlepszym wydaniu<\/strong><\/p>\n\n\n\n<p>Je\u015bli masz zdj\u0119cia, kt\u00f3re wymagaj\u0105 poprawy, oferujemy kompleksow\u0105 edycj\u0119:<\/p>\n\n\n\n<ul class=\"wp-block-list\">\n<li>stylizacja zdj\u0119cia w wybranym klimacie (filmowy, vintage, naturalny)<\/li>\n\n\n\n<li>zaawansowany retusz twarzy<\/li>\n\n\n\n<li>usuwanie niechcianych element\u00f3w<\/li>\n\n\n\n<li>korekcja kolorystyczna<\/li>\n\n\n\n<li>poprawa ostro\u015bci i ekspozycji<\/li>\n<\/ul>\n<\/div>\n<\/div>\n<\/div>\n<\/div>\n<\/div>\n\n\n\n<div class=\"wp-block-column is-vertically-aligned-center is-layout-flow wp-block-column-is-layout-flow\" style=\"flex-basis:50%\">\n<figure class=\"wp-block-image size-large is-style-rounded is-style-rounded--4\"><img loading=\"lazy\" decoding=\"async\" width=\"767\" height=\"1024\" src=\"http:\/\/fixel.you2.pl\/wp-content\/uploads\/2025\/11\/IMG_3682-767x1024.jpeg\" alt=\"\" class=\"wp-image-91\" style=\"aspect-ratio:3\/4;object-fit:cover\" srcset=\"https:\/\/fixel.you2.pl\/wp-content\/uploads\/2025\/11\/IMG_3682-767x1024.jpeg 767w, https:\/\/fixel.you2.pl\/wp-content\/uploads\/2025\/11\/IMG_3682-225x300.jpeg 225w, https:\/\/fixel.you2.pl\/wp-content\/uploads\/2025\/11\/IMG_3682-768x1026.jpeg 768w, https:\/\/fixel.you2.pl\/wp-content\/uploads\/2025\/11\/IMG_3682-1150x1536.jpeg 1150w, https:\/\/fixel.you2.pl\/wp-content\/uploads\/2025\/11\/IMG_3682.jpeg 1170w\" sizes=\"auto, (max-width: 767px) 100vw, 767px\" \/><\/figure>\n<\/div>\n<\/div>\n\n\n\n<div class=\"wp-block-group alignfull has-accent-background-color has-background has-global-padding is-layout-constrained wp-container-core-group-is-layout-669513ed wp-block-group-is-layout-constrained\" style=\"margin-top:0;margin-bottom:0;padding-top:var(--wp--preset--spacing--50);padding-right:var(--wp--preset--spacing--50);padding-bottom:var(--wp--preset--spacing--50);padding-left:var(--wp--preset--spacing--50)\">\n<div class=\"wp-block-group alignwide has-global-padding is-layout-constrained wp-block-group-is-layout-constrained\">\n<div class=\"wp-block-columns alignwide is-layout-flex wp-container-core-columns-is-layout-1da03c2a wp-block-columns-is-layout-flex\">\n<div class=\"wp-block-column is-vertically-aligned-center is-layout-flow wp-block-column-is-layout-flow\" style=\"flex-basis:50%\">\n<div class=\"wp-block-group has-global-padding is-layout-constrained wp-block-group-is-layout-constrained\">\n<div class=\"wp-block-group has-global-padding is-layout-constrained wp-block-group-is-layout-constrained\">\n<div class=\"wp-block-group is-vertical is-content-justification-stretch is-layout-flex wp-container-core-group-is-layout-444d5ee8 wp-block-group-is-layout-flex\" style=\"min-height:100%\">\n<p class=\"has-heading-font-family has-xx-large-font-size\" style=\"line-height:1.2\">Sesje dla Firm<\/p>\n\n\n\n<p class=\"has-large-font-size\"><strong>Budujemy profesjonalny wizerunek Twojej marki<\/strong><\/p>\n\n\n\n<p class=\"has-medium-font-size\">Tworzymy pe\u0142ne pakiety zdj\u0119ciowe dla firm \u2014 od portret\u00f3w pracownik\u00f3w po zdj\u0119cia wn\u0119trz, zespo\u0142u, produkt\u00f3w oraz materia\u0142\u00f3w reklamowych.<\/p>\n\n\n\n<p class=\"has-large-font-size\"><strong>Idealne do:<\/strong><\/p>\n\n\n\n<ul class=\"wp-block-list\">\n<li>stron internetowych<\/li>\n\n\n\n<li>social medi\u00f3w<\/li>\n\n\n\n<li>katalog\u00f3w i kampanii reklamowych<\/li>\n<\/ul>\n<\/div>\n<\/div>\n<\/div>\n<\/div>\n\n\n\n<div class=\"wp-block-column is-vertically-aligned-center is-layout-flow wp-block-column-is-layout-flow\" style=\"flex-basis:50%\">\n<figure class=\"wp-block-image size-full is-style-rounded is-style-rounded--5\"><img loading=\"lazy\" decoding=\"async\" width=\"736\" height=\"920\" src=\"http:\/\/fixel.you2.pl\/wp-content\/uploads\/2025\/11\/IMG_3683.jpeg\" alt=\"\" class=\"wp-image-95\" style=\"aspect-ratio:3\/4;object-fit:cover\" srcset=\"https:\/\/fixel.you2.pl\/wp-content\/uploads\/2025\/11\/IMG_3683.jpeg 736w, https:\/\/fixel.you2.pl\/wp-content\/uploads\/2025\/11\/IMG_3683-240x300.jpeg 240w\" sizes=\"auto, (max-width: 736px) 100vw, 736px\" \/><\/figure>\n<\/div>\n<\/div>\n<\/div>\n<\/div>\n","protected":false},"excerpt":{"rendered":"<p>Fotografia Portretowa Twoja najlepsza wersja na zdj\u0119ciu Oferujemy sesje portretowe dopasowane do Twoich potrzeb \u2013 od klasycznych portret\u00f3w biznesowych po naturalne uj\u0119cia lifestyle. Dbamy o \u015bwiat\u0142o, atmosfer\u0119 i swobod\u0119, dzi\u0119ki czemu zdj\u0119cia wygl\u0105daj\u0105 profesjonalnie, ale jednocze\u015bnie naturalnie. W ramach us\u0142ugi: Fotografia Produktowa Zdj\u0119cia, kt\u00f3re sprzedaj\u0105 Pomagamy markom wyr\u00f3\u017cni\u0107 swoje produkty profesjonaln\u0105 fotografi\u0105 katalogow\u0105, packshotow\u0105 i [&hellip;]<\/p>\n","protected":false},"author":1,"featured_media":0,"parent":0,"menu_order":0,"comment_status":"closed","ping_status":"closed","template":"","meta":{"om_disable_all_campaigns":false,"_monsterinsights_skip_tracking":false,"_monsterinsights_sitenote_active":false,"_monsterinsights_sitenote_note":"","_monsterinsights_sitenote_category":0,"footnotes":""},"class_list":["post-27","page","type-page","status-publish","hentry"],"aioseo_notices":[],"_links":{"self":[{"href":"https:\/\/fixel.you2.pl\/index.php\/wp-json\/wp\/v2\/pages\/27","targetHints":{"allow":["GET"]}}],"collection":[{"href":"https:\/\/fixel.you2.pl\/index.php\/wp-json\/wp\/v2\/pages"}],"about":[{"href":"https:\/\/fixel.you2.pl\/index.php\/wp-json\/wp\/v2\/types\/page"}],"author":[{"embeddable":true,"href":"https:\/\/fixel.you2.pl\/index.php\/wp-json\/wp\/v2\/users\/1"}],"replies":[{"embeddable":true,"href":"https:\/\/fixel.you2.pl\/index.php\/wp-json\/wp\/v2\/comments?post=27"}],"version-history":[{"count":6,"href":"https:\/\/fixel.you2.pl\/index.php\/wp-json\/wp\/v2\/pages\/27\/revisions"}],"predecessor-version":[{"id":119,"href":"https:\/\/fixel.you2.pl\/index.php\/wp-json\/wp\/v2\/pages\/27\/revisions\/119"}],"wp:attachment":[{"href":"https:\/\/fixel.you2.pl\/index.php\/wp-json\/wp\/v2\/media?parent=27"}],"curies":[{"name":"wp","href":"https:\/\/api.w.org\/{rel}","templated":true}]}}