{"id":42,"date":"2025-11-21T15:17:17","date_gmt":"2025-11-21T14:17:17","guid":{"rendered":"https:\/\/fixel.you2.pl\/?page_id=42"},"modified":"2025-11-28T16:24:56","modified_gmt":"2025-11-28T15:24:56","slug":"strona-glowna","status":"publish","type":"page","link":"https:\/\/fixel.you2.pl\/","title":{"rendered":"Strona g\u0142\u00f3wna"},"content":{"rendered":"\n<main class=\"wp-block-group alignwide is-layout-flow wp-container-core-group-is-layout-bb62f62d wp-block-group-is-layout-flow\" style=\"margin-top:0\">\n<div class=\"wp-block-group alignfull has-accent-background-color has-background has-global-padding is-layout-constrained wp-container-core-group-is-layout-490fa1db wp-block-group-is-layout-constrained\" style=\"padding-top:var(--wp--preset--spacing--50);padding-right:var(--wp--preset--spacing--50);padding-bottom:var(--wp--preset--spacing--50);padding-left:var(--wp--preset--spacing--50)\">\n<div style=\"height:var(--wp--preset--spacing--30)\" aria-hidden=\"true\" class=\"wp-block-spacer\"><\/div>\n\n\n\n<div class=\"wp-block-group has-global-padding is-content-justification-center is-layout-constrained wp-container-core-group-is-layout-1c8359c5 wp-block-group-is-layout-constrained\">\n<h1 class=\"wp-block-heading has-text-align-center has-x-large-font-size\"><strong>Profesjonalna fotografia i retusz, kt\u00f3ry wydobywa emocje<\/strong><br>Tworzymy zdj\u0119cia, kt\u00f3re przyci\u0105gaj\u0105 uwag\u0119 \u2014 od sesji portretowych po pe\u0142n\u0105 edycj\u0119 i retusz zdj\u0119\u0107 dla firm i klient\u00f3w indywidualnych.<\/h1>\n\n\n\n<div style=\"height:1.25rem\" aria-hidden=\"true\" class=\"wp-block-spacer\"><\/div>\n<\/div>\n\n\n\n<figure class=\"wp-block-gallery has-nested-images columns-default is-cropped wp-block-gallery-1 is-layout-flex wp-block-gallery-is-layout-flex\">\n<figure class=\"wp-block-image size-large\"><img loading=\"lazy\" decoding=\"async\" width=\"576\" height=\"1024\" data-id=\"49\" src=\"https:\/\/fixel.you2.pl\/wp-content\/uploads\/2025\/11\/IMG_3640-576x1024.jpeg\" alt=\"\" class=\"wp-image-49\" srcset=\"https:\/\/fixel.you2.pl\/wp-content\/uploads\/2025\/11\/IMG_3640-576x1024.jpeg 576w, https:\/\/fixel.you2.pl\/wp-content\/uploads\/2025\/11\/IMG_3640-169x300.jpeg 169w, https:\/\/fixel.you2.pl\/wp-content\/uploads\/2025\/11\/IMG_3640.jpeg 675w\" sizes=\"auto, (max-width: 576px) 100vw, 576px\" \/><\/figure>\n\n\n\n<figure class=\"wp-block-image size-large\"><img loading=\"lazy\" decoding=\"async\" width=\"683\" height=\"1024\" data-id=\"48\" src=\"https:\/\/fixel.you2.pl\/wp-content\/uploads\/2025\/11\/IMG_3641-683x1024.jpeg\" alt=\"\" class=\"wp-image-48\" srcset=\"https:\/\/fixel.you2.pl\/wp-content\/uploads\/2025\/11\/IMG_3641-683x1024.jpeg 683w, https:\/\/fixel.you2.pl\/wp-content\/uploads\/2025\/11\/IMG_3641-200x300.jpeg 200w, https:\/\/fixel.you2.pl\/wp-content\/uploads\/2025\/11\/IMG_3641-768x1152.jpeg 768w, https:\/\/fixel.you2.pl\/wp-content\/uploads\/2025\/11\/IMG_3641-1024x1536.jpeg 1024w, https:\/\/fixel.you2.pl\/wp-content\/uploads\/2025\/11\/IMG_3641.jpeg 1168w\" sizes=\"auto, (max-width: 683px) 100vw, 683px\" \/><\/figure>\n\n\n\n<figure class=\"wp-block-image size-large is-style-default\"><img loading=\"lazy\" decoding=\"async\" width=\"819\" height=\"1024\" data-id=\"47\" src=\"https:\/\/fixel.you2.pl\/wp-content\/uploads\/2025\/11\/IMG_3642-819x1024.jpeg\" alt=\"\" class=\"wp-image-47\" srcset=\"https:\/\/fixel.you2.pl\/wp-content\/uploads\/2025\/11\/IMG_3642-819x1024.jpeg 819w, https:\/\/fixel.you2.pl\/wp-content\/uploads\/2025\/11\/IMG_3642-240x300.jpeg 240w, https:\/\/fixel.you2.pl\/wp-content\/uploads\/2025\/11\/IMG_3642-768x960.jpeg 768w, https:\/\/fixel.you2.pl\/wp-content\/uploads\/2025\/11\/IMG_3642.jpeg 1200w\" sizes=\"auto, (max-width: 819px) 100vw, 819px\" \/><\/figure>\n<\/figure>\n<\/div>\n\n\n\n<div class=\"wp-block-cover alignfull has-parallax\" style=\"padding-top:var(--wp--preset--spacing--50);padding-right:var(--wp--preset--spacing--50);padding-bottom:var(--wp--preset--spacing--50);padding-left:var(--wp--preset--spacing--50)\"><div class=\"wp-block-cover__image-background wp-image-70 size-large has-parallax\" style=\"background-position:50% 50%;background-image:url(http:\/\/fixel.you2.pl\/wp-content\/uploads\/2025\/11\/IMG_3674-576x1024.jpeg)\"><\/div><span aria-hidden=\"true\" class=\"wp-block-cover__background has-base-background-color has-background-dim-0 has-background-dim\"><\/span><div class=\"wp-block-cover__inner-container has-global-padding is-layout-constrained wp-container-core-cover-is-layout-e4fd886c wp-block-cover-is-layout-constrained\">\n<div style=\"height:500px\" aria-hidden=\"true\" class=\"wp-block-spacer\"><\/div>\n<\/div><\/div>\n\n\n\n<div class=\"wp-block-group alignfull has-base-2-background-color has-background has-global-padding is-layout-constrained wp-container-core-group-is-layout-669513ed wp-block-group-is-layout-constrained\" style=\"margin-top:0;margin-bottom:0;padding-top:var(--wp--preset--spacing--50);padding-right:var(--wp--preset--spacing--50);padding-bottom:var(--wp--preset--spacing--50);padding-left:var(--wp--preset--spacing--50)\">\n<div class=\"wp-block-group is-vertical is-content-justification-center is-layout-flex wp-container-core-group-is-layout-52b864f0 wp-block-group-is-layout-flex\">\n<p class=\"has-text-align-center\" style=\"border-style:none;border-width:0px;font-size:clamp(1.648rem, 1.648rem + ((1vw - 0.2rem) * 1.92), 2.8rem);\"><strong>Dbamy o ka\u017cdy etap &#8211; od uj\u0119cia po finalny retusz.<\/strong><\/p>\n\n\n\n<div style=\"height:0px\" aria-hidden=\"true\" class=\"wp-block-spacer wp-container-content-4f2ccadb\"><\/div>\n\n\n\n<p class=\"has-text-align-center\" style=\"font-size:clamp(1.039rem, 1.039rem + ((1vw - 0.2rem) * 0.935), 1.6rem);\">Naszym celem jest stworzenie zdj\u0119\u0107, kt\u00f3re wygl\u0105daj\u0105 naturalnie, estetycznie i nowocze\u015bnie.<\/p>\n<\/div>\n\n\n\n<div style=\"margin-top:0;margin-bottom:0;height:var(--wp--preset--spacing--40)\" aria-hidden=\"true\" class=\"wp-block-spacer\"><\/div>\n\n\n\n<div class=\"wp-block-columns alignwide is-layout-flex wp-container-core-columns-is-layout-d0bbbce0 wp-block-columns-is-layout-flex\">\n<div class=\"wp-block-column is-layout-flow wp-container-core-column-is-layout-e3d1c41b wp-block-column-is-layout-flow\">\n<div class=\"wp-block-group has-global-padding is-layout-constrained wp-block-group-is-layout-constrained\">\n<p class=\"has-text-align-center has-large-font-size\"><strong>Wysoka jako\u015b\u0107 zdj\u0119\u0107<\/strong><\/p>\n\n\n\n<p class=\"has-text-align-center\">Pracujemy na profesjonalnym sprz\u0119cie, gwarantuj\u0105c ostre, jasne i naturalne uj\u0119cia.<\/p>\n\n\n\n<figure class=\"wp-block-image size-large\"><img loading=\"lazy\" decoding=\"async\" width=\"576\" height=\"1024\" src=\"http:\/\/fixel.you2.pl\/wp-content\/uploads\/2025\/11\/IMG_3643-576x1024.jpeg\" alt=\"\" class=\"wp-image-52\" style=\"aspect-ratio:1;object-fit:cover\" srcset=\"https:\/\/fixel.you2.pl\/wp-content\/uploads\/2025\/11\/IMG_3643-576x1024.jpeg 576w, https:\/\/fixel.you2.pl\/wp-content\/uploads\/2025\/11\/IMG_3643-169x300.jpeg 169w, https:\/\/fixel.you2.pl\/wp-content\/uploads\/2025\/11\/IMG_3643-768x1365.jpeg 768w, https:\/\/fixel.you2.pl\/wp-content\/uploads\/2025\/11\/IMG_3643-864x1536.jpeg 864w, https:\/\/fixel.you2.pl\/wp-content\/uploads\/2025\/11\/IMG_3643.jpeg 1080w\" sizes=\"auto, (max-width: 576px) 100vw, 576px\" \/><\/figure>\n<\/div>\n<\/div>\n\n\n\n<div class=\"wp-block-column is-layout-flow wp-container-core-column-is-layout-e3d1c41b wp-block-column-is-layout-flow\">\n<div class=\"wp-block-group has-global-padding is-layout-constrained wp-block-group-is-layout-constrained\">\n<p class=\"has-text-align-center has-large-font-size\"><strong>Profesjonalna edycja<\/strong><\/p>\n\n\n\n<p class=\"has-text-align-center\">Retusz, korekcja kolor\u00f3w, poprawa sk\u00f3ry i nastroju \u2014 bez efektu przesady.<\/p>\n<\/div>\n\n\n\n<figure class=\"wp-block-image size-large\"><img loading=\"lazy\" decoding=\"async\" width=\"819\" height=\"1024\" src=\"http:\/\/fixel.you2.pl\/wp-content\/uploads\/2025\/11\/IMG_3644-819x1024.jpeg\" alt=\"\" class=\"wp-image-53\" style=\"aspect-ratio:1;object-fit:cover\" srcset=\"https:\/\/fixel.you2.pl\/wp-content\/uploads\/2025\/11\/IMG_3644-819x1024.jpeg 819w, https:\/\/fixel.you2.pl\/wp-content\/uploads\/2025\/11\/IMG_3644-240x300.jpeg 240w, https:\/\/fixel.you2.pl\/wp-content\/uploads\/2025\/11\/IMG_3644-768x960.jpeg 768w, https:\/\/fixel.you2.pl\/wp-content\/uploads\/2025\/11\/IMG_3644.jpeg 1200w\" sizes=\"auto, (max-width: 819px) 100vw, 819px\" \/><\/figure>\n<\/div>\n\n\n\n<div class=\"wp-block-column is-layout-flow wp-container-core-column-is-layout-e3d1c41b wp-block-column-is-layout-flow\">\n<div class=\"wp-block-group has-global-padding is-layout-constrained wp-block-group-is-layout-constrained\">\n<p class=\"has-text-align-center has-large-font-size\"><strong>Szybki czas realizacji<\/strong><\/p>\n\n\n\n<p class=\"has-text-align-center\">Otrzymujesz gotowe zdj\u0119cia nawet w 48 godzin, w zale\u017cno\u015bci od rodzaju zlecenia.<\/p>\n<\/div>\n\n\n\n<figure class=\"wp-block-image size-large is-style-default\"><img loading=\"lazy\" decoding=\"async\" width=\"683\" height=\"1024\" src=\"http:\/\/fixel.you2.pl\/wp-content\/uploads\/2025\/11\/IMG_3645-683x1024.jpeg\" alt=\"\" class=\"wp-image-54\" style=\"aspect-ratio:1;object-fit:cover\" srcset=\"https:\/\/fixel.you2.pl\/wp-content\/uploads\/2025\/11\/IMG_3645-683x1024.jpeg 683w, https:\/\/fixel.you2.pl\/wp-content\/uploads\/2025\/11\/IMG_3645-200x300.jpeg 200w, https:\/\/fixel.you2.pl\/wp-content\/uploads\/2025\/11\/IMG_3645.jpeg 736w\" sizes=\"auto, (max-width: 683px) 100vw, 683px\" \/><\/figure>\n<\/div>\n<\/div>\n\n\n\n<div style=\"height:0px\" aria-hidden=\"true\" class=\"wp-block-spacer\"><\/div>\n<\/div>\n\n\n\n<div class=\"wp-block-group alignfull has-accent-background-color has-background has-global-padding is-layout-constrained wp-container-core-group-is-layout-d89aad35 wp-block-group-is-layout-constrained\" style=\"margin-top:0;margin-bottom:0;padding-top:var(--wp--preset--spacing--50);padding-right:var(--wp--preset--spacing--50);padding-bottom:var(--wp--preset--spacing--50);padding-left:var(--wp--preset--spacing--50)\">\n<div class=\"wp-block-group alignwide has-accent-background-color has-background has-global-padding is-layout-constrained wp-container-core-group-is-layout-19e250f3 wp-block-group-is-layout-constrained\">\n<div style=\"height:var(--wp--preset--spacing--40)\" aria-hidden=\"true\" class=\"wp-block-spacer\"><\/div>\n\n\n\n<div class=\"wp-block-columns alignwide is-layout-flex wp-container-core-columns-is-layout-d1c656ed wp-block-columns-is-layout-flex\">\n<div class=\"wp-block-column is-vertically-aligned-center is-layout-flow wp-block-column-is-layout-flow\" style=\"flex-basis:40%\">\n<p style=\"font-size:clamp(1.403rem, 1.403rem + ((1vw - 0.2rem) * 1.495), 2.3rem);\"><strong>Sesje portretowe i lifestyle<\/strong><\/p>\n\n\n\n<p>Od prostych portret\u00f3w po kreatywne sesje w plenerze. Pomagamy dobra\u0107 stylizacj\u0119, miejsce i klimat zdj\u0119\u0107.<\/p>\n<\/div>\n\n\n\n<div class=\"wp-block-column is-layout-flow wp-block-column-is-layout-flow\" style=\"flex-basis:50%\">\n<figure class=\"wp-block-image size-large is-style-rounded is-style-rounded--2\"><img loading=\"lazy\" decoding=\"async\" width=\"1168\" height=\"1169\" src=\"https:\/\/fixel.you2.pl\/wp-content\/uploads\/2025\/11\/IMG_3675-edited.jpeg\" alt=\"\" class=\"wp-image-75\" srcset=\"https:\/\/fixel.you2.pl\/wp-content\/uploads\/2025\/11\/IMG_3675-edited.jpeg 1168w, https:\/\/fixel.you2.pl\/wp-content\/uploads\/2025\/11\/IMG_3675-edited-300x300.jpeg 300w, https:\/\/fixel.you2.pl\/wp-content\/uploads\/2025\/11\/IMG_3675-edited-1024x1024.jpeg 1024w, https:\/\/fixel.you2.pl\/wp-content\/uploads\/2025\/11\/IMG_3675-edited-150x150.jpeg 150w, https:\/\/fixel.you2.pl\/wp-content\/uploads\/2025\/11\/IMG_3675-edited-768x769.jpeg 768w\" sizes=\"auto, (max-width: 1168px) 100vw, 1168px\" \/><\/figure>\n<\/div>\n<\/div>\n\n\n\n<div style=\"height:var(--wp--preset--spacing--40)\" aria-hidden=\"true\" class=\"wp-block-spacer\"><\/div>\n\n\n\n<div class=\"wp-block-columns alignwide is-layout-flex wp-container-core-columns-is-layout-d1c656ed wp-block-columns-is-layout-flex\">\n<div class=\"wp-block-column is-layout-flow wp-block-column-is-layout-flow\" style=\"flex-basis:50%\">\n<figure class=\"wp-block-image size-large is-style-rounded is-style-rounded--3\"><img loading=\"lazy\" decoding=\"async\" width=\"736\" height=\"736\" src=\"https:\/\/fixel.you2.pl\/wp-content\/uploads\/2025\/11\/IMG_3676-edited.jpeg\" alt=\"\" class=\"wp-image-76\" srcset=\"https:\/\/fixel.you2.pl\/wp-content\/uploads\/2025\/11\/IMG_3676-edited.jpeg 736w, https:\/\/fixel.you2.pl\/wp-content\/uploads\/2025\/11\/IMG_3676-edited-300x300.jpeg 300w, https:\/\/fixel.you2.pl\/wp-content\/uploads\/2025\/11\/IMG_3676-edited-150x150.jpeg 150w\" sizes=\"auto, (max-width: 736px) 100vw, 736px\" \/><\/figure>\n<\/div>\n\n\n\n<div class=\"wp-block-column is-vertically-aligned-center is-layout-flow wp-block-column-is-layout-flow\" style=\"flex-basis:40%\">\n<p style=\"font-size:clamp(1.403rem, 1.403rem + ((1vw - 0.2rem) * 1.495), 2.3rem);\"><strong>Fotografia produktowa<\/strong><\/p>\n\n\n\n<p>Tworzymy zdj\u0119cia, kt\u00f3re sprzedaj\u0105 \u2014 przejrzyste, ostre i zgodne z wymaganiami sklep\u00f3w internetowych.<\/p>\n<\/div>\n<\/div>\n<\/div>\n\n\n\n<div class=\"wp-block-group alignwide has-accent-background-color has-background has-global-padding is-layout-constrained wp-container-core-group-is-layout-19e250f3 wp-block-group-is-layout-constrained\">\n<div style=\"height:var(--wp--preset--spacing--40)\" aria-hidden=\"true\" class=\"wp-block-spacer\"><\/div>\n\n\n\n<div class=\"wp-block-columns alignwide is-layout-flex wp-container-core-columns-is-layout-d1c656ed wp-block-columns-is-layout-flex\">\n<div class=\"wp-block-column is-vertically-aligned-center is-layout-flow wp-block-column-is-layout-flow\" style=\"flex-basis:40%\">\n<p style=\"font-size:clamp(1.403rem, 1.403rem + ((1vw - 0.2rem) * 1.495), 2.3rem);\"><strong>Edycja i retusz zdj\u0119\u0107<\/strong><\/p>\n\n\n\n<p>Usuwamy niedoskona\u0142o\u015bci, poprawiamy kolory, \u015bwiat\u0142o, kontrast oraz nadajemy zdj\u0119ciom finalny charakter.<\/p>\n<\/div>\n\n\n\n<div class=\"wp-block-column is-layout-flow wp-block-column-is-layout-flow\" style=\"flex-basis:50%\">\n<figure class=\"wp-block-image size-full is-style-rounded is-style-rounded--4\"><img loading=\"lazy\" decoding=\"async\" width=\"640\" height=\"640\" src=\"https:\/\/fixel.you2.pl\/wp-content\/uploads\/2025\/11\/IMG_3677-edited.jpeg\" alt=\"\" class=\"wp-image-77\" srcset=\"https:\/\/fixel.you2.pl\/wp-content\/uploads\/2025\/11\/IMG_3677-edited.jpeg 640w, https:\/\/fixel.you2.pl\/wp-content\/uploads\/2025\/11\/IMG_3677-edited-300x300.jpeg 300w, https:\/\/fixel.you2.pl\/wp-content\/uploads\/2025\/11\/IMG_3677-edited-150x150.jpeg 150w\" sizes=\"auto, (max-width: 640px) 100vw, 640px\" \/><\/figure>\n<\/div>\n<\/div>\n<\/div>\n<\/div>\n<\/main>\n","protected":false},"excerpt":{"rendered":"<p>Profesjonalna fotografia i retusz, kt\u00f3ry wydobywa emocjeTworzymy zdj\u0119cia, kt\u00f3re przyci\u0105gaj\u0105 uwag\u0119 \u2014 od sesji portretowych po pe\u0142n\u0105 edycj\u0119 i retusz zdj\u0119\u0107 dla firm i klient\u00f3w indywidualnych. Dbamy o ka\u017cdy etap &#8211; od uj\u0119cia po finalny retusz. Naszym celem jest stworzenie zdj\u0119\u0107, kt\u00f3re wygl\u0105daj\u0105 naturalnie, estetycznie i nowocze\u015bnie. Wysoka jako\u015b\u0107 zdj\u0119\u0107 Pracujemy na profesjonalnym sprz\u0119cie, gwarantuj\u0105c [&hellip;]<\/p>\n","protected":false},"author":1,"featured_media":0,"parent":0,"menu_order":0,"comment_status":"closed","ping_status":"closed","template":"page-no-title","meta":{"om_disable_all_campaigns":false,"_monsterinsights_skip_tracking":false,"_monsterinsights_sitenote_active":false,"_monsterinsights_sitenote_note":"","_monsterinsights_sitenote_category":0,"footnotes":""},"class_list":["post-42","page","type-page","status-publish","hentry"],"aioseo_notices":[],"_links":{"self":[{"href":"https:\/\/fixel.you2.pl\/index.php\/wp-json\/wp\/v2\/pages\/42","targetHints":{"allow":["GET"]}}],"collection":[{"href":"https:\/\/fixel.you2.pl\/index.php\/wp-json\/wp\/v2\/pages"}],"about":[{"href":"https:\/\/fixel.you2.pl\/index.php\/wp-json\/wp\/v2\/types\/page"}],"author":[{"embeddable":true,"href":"https:\/\/fixel.you2.pl\/index.php\/wp-json\/wp\/v2\/users\/1"}],"replies":[{"embeddable":true,"href":"https:\/\/fixel.you2.pl\/index.php\/wp-json\/wp\/v2\/comments?post=42"}],"version-history":[{"count":5,"href":"https:\/\/fixel.you2.pl\/index.php\/wp-json\/wp\/v2\/pages\/42\/revisions"}],"predecessor-version":[{"id":117,"href":"https:\/\/fixel.you2.pl\/index.php\/wp-json\/wp\/v2\/pages\/42\/revisions\/117"}],"wp:attachment":[{"href":"https:\/\/fixel.you2.pl\/index.php\/wp-json\/wp\/v2\/media?parent=42"}],"curies":[{"name":"wp","href":"https:\/\/api.w.org\/{rel}","templated":true}]}}